{"id":53991,"date":"2020-11-25T14:35:17","date_gmt":"2020-11-25T13:35:17","guid":{"rendered":"https:\/\/royaldelft.com\/my-lists\/create-a-list\/"},"modified":"2020-11-25T14:35:17","modified_gmt":"2020-11-25T13:35:17","slug":"create-a-list","status":"publish","type":"page","link":"https:\/\/royaldelft.com\/de\/my-lists\/create-a-list\/","title":{"rendered":"Create a List"},"content":{"rendered":"\n    <div id=\"wl-wrapper\" class=\"woocommerce\">\n\t\t\t\t\t\t\t\t\t\t\t            <div class=\"wl-form\">\n                <form action=\"\" enctype=\"multipart\/form-data\" method=\"post\">\n                    <input type=\"hidden\" name=\"wl_return_to\" value=\"\"\/>\n                    <input type=\"hidden\" name=\"wlaction\" value=\"create-list\" \/>\n\t\t\t\t\t<input type=\"hidden\" id=\"_n\" name=\"_n\" value=\"b991970033\" \/><input type=\"hidden\" name=\"_wp_http_referer\" value=\"\/de\/wp-json\/wp\/v2\/pages\/53991\" \/>\n                    <p class=\"form-row form-row-wide\">\n                        <label for=\"wishlist_title\">Bitte benennen Sie Ihre Liste                            <abbr class=\"required\" title=\"required\">*<\/abbr><\/label>\n                        <input type=\"text\" name=\"wishlist_title\" id=\"wishlist_title\" class=\"input-text\"\n                               value=\"\"\/>\n                    <\/p>\n                    <p class=\"form-row form-row-wide\">\n                        <label for=\"wishlist_description\">Describe your list<\/label>\n                        <textarea name=\"wishlist_description\" id=\"wishlist_description\"><\/textarea>\n                    <\/p>\n                    <hr\/>\n                    <div class=\"form-row\">\n                        <strong>Einstellungen &rsaquo; Datenschutz                            <abbr class=\"required\" title=\"required\">*<\/abbr><\/strong>\n                        <table class=\"wl-rad-table\">\n\t\t\t\t\t\t\t                                <tr>\n                                    <td><input  type=\"radio\" name=\"wishlist_sharing\" id=\"rad_pub\" value=\"Public\">\n                                    <\/td>\n                                    <td><label for=\"rad_pub\">Public                                            <span class=\"wl-small\">- Jeder kann diese Liste durchsuchen und anzeigen. Dies kann auch \u00fcber einen Link geteilt werden.<\/span><\/label>\n                                    <\/td>\n                                <\/tr>\n\t\t\t\t\t\t\t\t\t\t\t\t\t\t                                <tr>\n                                    <td><input  type=\"radio\" name=\"wishlist_sharing\" id=\"rad_shared\" value=\"Shared\"><\/td>\n                                    <td><label for=\"rad_shared\">Shared                                            <span class=\"wl-small\">- Nur Personen mit dem Link k\u00f6nnen diese Liste sehen. Es erscheint nicht in den \u00f6ffentlichen Suchergebnissen.<\/span><\/label>\n                                    <\/td>\n                                <\/tr>\n\t\t\t\t\t\t\t\t\t\t\t\t\t\t                                <tr>\n                                    <td><input  checked='checked' type=\"radio\" name=\"wishlist_sharing\" id=\"rad_priv\" value=\"Private\"><\/td>\n                                    <td><label for=\"rad_priv\">Private                                            <span class=\"wl-small\">- Nur Sie k\u00f6nnen diese Liste sehen.<\/span><\/label>\n                                    <\/td>\n                                <\/tr>\n\t\t\t\t\t\t\t                        <\/table>\n                    <\/div>\n                    <p class=\"form-row form-row-full\">Geben Sie einen Namen ein, den Sie dieser Liste zuordnen m\u00f6chten. Wenn Ihre Liste \u00f6ffentlich ist, k\u00f6nnen Benutzer sie finden, indem sie nach diesem Namen suchen.<\/p>\n                    <p class=\"form-row form-row-first\">\n                        <label for=\"wishlist_first_name\">Vorname<\/label>\n\t\t\t\t\t\t                            <input type=\"text\" name=\"wishlist_first_name\" id=\"wishlist_first_name\" class=\"input-text\"\n                                   value=\"\"\/>\n\t\t\t\t\t\t                    <\/p>\n                    <p class=\"form-row form-row-last\">\n                        <label for=\"wishlist_last_name\">Nachname<\/label>\n\n\t\t\t\t\t\t                            <input type=\"text\" name=\"wishlist_last_name\" id=\"wishlist_last_name\" class=\"input-text\"\n                                   value=\"\"\/>\n\t\t\t\t\t\t                    <\/p>\n                    <div class=\"wl-clear\"><\/div>\n                    <p class=\"form-row\">\n                        <label for=\"wishlist_owner_email\">Mit der Liste verkn\u00fcpfte E-Mail-Adresse<\/label>\n                        <input type=\"text\" name=\"wishlist_owner_email\" id=\"wishlist_owner_email\"\n                               value=\"\"\n                               class=\"input-text\"\/>\n                    <\/p>\n\n\n\t\t\t\t\t\n                    <div class=\"wl-clear\"><\/div>\n\n                    <p class=\"form-row\">\n\t\t\t\t\t\t                    <\/p>\n\n                    <p class=\"form-row\">\n                        <input type=\"submit\" class=\"button alt\" name=\"update_wishlist\"\n                               value=\"Erstelle Liste\">\n                    <\/p>\n\n\n                <\/form>\n            <\/div><!-- \/wl form -->\n\t\t    <\/div><!-- \/wishlist-wrapper -->\n\n","protected":false},"excerpt":{"rendered":"","protected":false},"author":22,"featured_media":0,"parent":53989,"menu_order":0,"comment_status":"closed","ping_status":"closed","template":"","meta":{"_acf_changed":false,"footnotes":""},"class_list":["post-53991","page","type-page","status-publish","hentry"],"acf":[],"yoast_head":"<!-- This site is optimized with the Yoast SEO Premium plugin v27.3 (Yoast SEO v27.3) - https:\/\/yoast.com\/product\/yoast-seo-premium-wordpress\/ -->\n<title>Create a List - Royal Delft<\/title>\n<meta name=\"robots\" content=\"index, follow, max-snippet:-1, max-image-preview:large, max-video-preview:-1\" \/>\n<link rel=\"canonical\" href=\"https:\/\/royaldelft.com\/de\/my-lists\/create-a-list\/\" \/>\n<meta property=\"og:locale\" content=\"de_DE\" \/>\n<meta property=\"og:type\" content=\"article\" \/>\n<meta property=\"og:title\" content=\"Create a List\" \/>\n<meta property=\"og:url\" content=\"https:\/\/royaldelft.com\/de\/my-lists\/create-a-list\/\" \/>\n<meta property=\"og:site_name\" content=\"Royal Delft\" \/>\n<meta name=\"twitter:card\" content=\"summary_large_image\" \/>\n<script type=\"application\/ld+json\" class=\"yoast-schema-graph\">{\"@context\":\"https:\\\/\\\/schema.org\",\"@graph\":[{\"@type\":\"WebPage\",\"@id\":\"https:\\\/\\\/royaldelft.com\\\/de\\\/my-lists\\\/create-a-list\\\/\",\"url\":\"https:\\\/\\\/royaldelft.com\\\/de\\\/my-lists\\\/create-a-list\\\/\",\"name\":\"Create a List - Royal Delft\",\"isPartOf\":{\"@id\":\"https:\\\/\\\/royaldelft.com\\\/de\\\/#website\"},\"datePublished\":\"2020-11-25T13:35:17+00:00\",\"breadcrumb\":{\"@id\":\"https:\\\/\\\/royaldelft.com\\\/de\\\/my-lists\\\/create-a-list\\\/#breadcrumb\"},\"inLanguage\":\"de\",\"potentialAction\":[{\"@type\":\"ReadAction\",\"target\":[\"https:\\\/\\\/royaldelft.com\\\/de\\\/my-lists\\\/create-a-list\\\/\"]}]},{\"@type\":\"BreadcrumbList\",\"@id\":\"https:\\\/\\\/royaldelft.com\\\/de\\\/my-lists\\\/create-a-list\\\/#breadcrumb\",\"itemListElement\":[{\"@type\":\"ListItem\",\"position\":1,\"name\":\"Home\",\"item\":\"https:\\\/\\\/royaldelft.com\\\/de\\\/\"},{\"@type\":\"ListItem\",\"position\":2,\"name\":\"Wishlists\",\"item\":\"https:\\\/\\\/royaldelft.com\\\/de\\\/my-lists\\\/\"},{\"@type\":\"ListItem\",\"position\":3,\"name\":\"Create a List\"}]},{\"@type\":\"WebSite\",\"@id\":\"https:\\\/\\\/royaldelft.com\\\/de\\\/#website\",\"url\":\"https:\\\/\\\/royaldelft.com\\\/de\\\/\",\"name\":\"Royal Delft\",\"description\":\"Breng een veilig en gastvrij bezoek aan Royal Delft\",\"publisher\":{\"@id\":\"https:\\\/\\\/royaldelft.com\\\/de\\\/#organization\"},\"potentialAction\":[{\"@type\":\"SearchAction\",\"target\":{\"@type\":\"EntryPoint\",\"urlTemplate\":\"https:\\\/\\\/royaldelft.com\\\/de\\\/?s={search_term_string}\"},\"query-input\":{\"@type\":\"PropertyValueSpecification\",\"valueRequired\":true,\"valueName\":\"search_term_string\"}}],\"inLanguage\":\"de\"},{\"@type\":\"Organization\",\"@id\":\"https:\\\/\\\/royaldelft.com\\\/de\\\/#organization\",\"name\":\"Royal Delft\",\"url\":\"https:\\\/\\\/royaldelft.com\\\/de\\\/\",\"logo\":{\"@type\":\"ImageObject\",\"inLanguage\":\"de\",\"@id\":\"https:\\\/\\\/royaldelft.com\\\/de\\\/#\\\/schema\\\/logo\\\/image\\\/\",\"url\":\"https:\\\/\\\/royaldelft.com\\\/wp-content\\\/uploads\\\/2021\\\/01\\\/Royal-Delft-logo.jpeg\",\"contentUrl\":\"https:\\\/\\\/royaldelft.com\\\/wp-content\\\/uploads\\\/2021\\\/01\\\/Royal-Delft-logo.jpeg\",\"width\":200,\"height\":200,\"caption\":\"Royal Delft\"},\"image\":{\"@id\":\"https:\\\/\\\/royaldelft.com\\\/de\\\/#\\\/schema\\\/logo\\\/image\\\/\"}}]}<\/script>\n<!-- \/ Yoast SEO Premium plugin. -->","yoast_head_json":{"title":"Create a List - Royal Delft","robots":{"index":"index","follow":"follow","max-snippet":"max-snippet:-1","max-image-preview":"max-image-preview:large","max-video-preview":"max-video-preview:-1"},"canonical":"https:\/\/royaldelft.com\/de\/my-lists\/create-a-list\/","og_locale":"de_DE","og_type":"article","og_title":"Create a List","og_url":"https:\/\/royaldelft.com\/de\/my-lists\/create-a-list\/","og_site_name":"Royal Delft","twitter_card":"summary_large_image","schema":{"@context":"https:\/\/schema.org","@graph":[{"@type":"WebPage","@id":"https:\/\/royaldelft.com\/de\/my-lists\/create-a-list\/","url":"https:\/\/royaldelft.com\/de\/my-lists\/create-a-list\/","name":"Create a List - Royal Delft","isPartOf":{"@id":"https:\/\/royaldelft.com\/de\/#website"},"datePublished":"2020-11-25T13:35:17+00:00","breadcrumb":{"@id":"https:\/\/royaldelft.com\/de\/my-lists\/create-a-list\/#breadcrumb"},"inLanguage":"de","potentialAction":[{"@type":"ReadAction","target":["https:\/\/royaldelft.com\/de\/my-lists\/create-a-list\/"]}]},{"@type":"BreadcrumbList","@id":"https:\/\/royaldelft.com\/de\/my-lists\/create-a-list\/#breadcrumb","itemListElement":[{"@type":"ListItem","position":1,"name":"Home","item":"https:\/\/royaldelft.com\/de\/"},{"@type":"ListItem","position":2,"name":"Wishlists","item":"https:\/\/royaldelft.com\/de\/my-lists\/"},{"@type":"ListItem","position":3,"name":"Create a List"}]},{"@type":"WebSite","@id":"https:\/\/royaldelft.com\/de\/#website","url":"https:\/\/royaldelft.com\/de\/","name":"Royal Delft","description":"Breng een veilig en gastvrij bezoek aan Royal Delft","publisher":{"@id":"https:\/\/royaldelft.com\/de\/#organization"},"potentialAction":[{"@type":"SearchAction","target":{"@type":"EntryPoint","urlTemplate":"https:\/\/royaldelft.com\/de\/?s={search_term_string}"},"query-input":{"@type":"PropertyValueSpecification","valueRequired":true,"valueName":"search_term_string"}}],"inLanguage":"de"},{"@type":"Organization","@id":"https:\/\/royaldelft.com\/de\/#organization","name":"Royal Delft","url":"https:\/\/royaldelft.com\/de\/","logo":{"@type":"ImageObject","inLanguage":"de","@id":"https:\/\/royaldelft.com\/de\/#\/schema\/logo\/image\/","url":"https:\/\/royaldelft.com\/wp-content\/uploads\/2021\/01\/Royal-Delft-logo.jpeg","contentUrl":"https:\/\/royaldelft.com\/wp-content\/uploads\/2021\/01\/Royal-Delft-logo.jpeg","width":200,"height":200,"caption":"Royal Delft"},"image":{"@id":"https:\/\/royaldelft.com\/de\/#\/schema\/logo\/image\/"}}]}},"_links":{"self":[{"href":"https:\/\/royaldelft.com\/de\/wp-json\/wp\/v2\/pages\/53991","targetHints":{"allow":["GET"]}}],"collection":[{"href":"https:\/\/royaldelft.com\/de\/wp-json\/wp\/v2\/pages"}],"about":[{"href":"https:\/\/royaldelft.com\/de\/wp-json\/wp\/v2\/types\/page"}],"author":[{"embeddable":true,"href":"https:\/\/royaldelft.com\/de\/wp-json\/wp\/v2\/users\/22"}],"replies":[{"embeddable":true,"href":"https:\/\/royaldelft.com\/de\/wp-json\/wp\/v2\/comments?post=53991"}],"version-history":[{"count":0,"href":"https:\/\/royaldelft.com\/de\/wp-json\/wp\/v2\/pages\/53991\/revisions"}],"up":[{"embeddable":true,"href":"https:\/\/royaldelft.com\/de\/wp-json\/wp\/v2\/pages\/53989"}],"wp:attachment":[{"href":"https:\/\/royaldelft.com\/de\/wp-json\/wp\/v2\/media?parent=53991"}],"curies":[{"name":"wp","href":"https:\/\/api.w.org\/{rel}","templated":true}]}}